{"id":143,"date":"2023-06-21T15:26:15","date_gmt":"2023-06-21T13:26:15","guid":{"rendered":"http:\/\/fundicq.cluster027.hosting.ovh.net\/gj443598-ovh\/?page_id=143"},"modified":"2023-06-29T15:52:03","modified_gmt":"2023-06-29T13:52:03","slug":"cera-perduda","status":"publish","type":"page","link":"https:\/\/www.fundicioreguera.cat\/index.php\/cera-perduda\/","title":{"rendered":"Cera Perduda"},"content":{"rendered":"\t\t<div data-elementor-type=\"wp-page\" data-elementor-id=\"143\" class=\"elementor elementor-143\">\n\t\t\t\t\t\t<section class=\"elementor-section elementor-top-section elementor-element elementor-element-5304f4d elementor-section-boxed elementor-section-height-default elementor-section-height-default\" data-id=\"5304f4d\" data-element_type=\"section\" data-e-type=\"section\">\n\t\t\t\t\t\t<div class=\"elementor-container elementor-column-gap-default\">\n\t\t\t\t\t<div class=\"elementor-column elementor-col-100 elementor-top-column elementor-element elementor-element-ff2c7b2\" data-id=\"ff2c7b2\" data-element_type=\"column\" data-e-type=\"column\">\n\t\t\t<div class=\"elementor-widget-wrap elementor-element-populated\">\n\t\t\t\t\t\t<div class=\"elementor-element elementor-element-f099c1b elementor-widget elementor-widget-heading\" data-id=\"f099c1b\" data-element_type=\"widget\" data-e-type=\"widget\" data-widget_type=\"heading.default\">\n\t\t\t\t<div class=\"elementor-widget-container\">\n\t\t\t\t\t<h3 class=\"elementor-heading-title elementor-size-default\">Qu\u00e8 \u00e9s l'arbre de fosa en cera perduda?<\/h3>\t\t\t\t<\/div>\n\t\t\t\t<\/div>\n\t\t\t\t\t<\/div>\n\t\t<\/div>\n\t\t\t\t\t<\/div>\n\t\t<\/section>\n\t\t\t\t<section class=\"elementor-section elementor-top-section elementor-element elementor-element-82905cb elementor-section-boxed elementor-section-height-default elementor-section-height-default\" data-id=\"82905cb\" data-element_type=\"section\" data-e-type=\"section\">\n\t\t\t\t\t\t<div class=\"elementor-container elementor-column-gap-default\">\n\t\t\t\t\t<div class=\"elementor-column elementor-col-50 elementor-top-column elementor-element elementor-element-95b8d7c\" data-id=\"95b8d7c\" data-element_type=\"column\" data-e-type=\"column\">\n\t\t\t<div class=\"elementor-widget-wrap elementor-element-populated\">\n\t\t\t\t\t\t<div class=\"elementor-element elementor-element-48cb514 elementor-widget elementor-widget-text-editor\" data-id=\"48cb514\" data-element_type=\"widget\" data-e-type=\"widget\" data-widget_type=\"text-editor.default\">\n\t\t\t\t<div class=\"elementor-widget-container\">\n\t\t\t\t\t\t\t\t\t<p>Es diu arbre de fosa a l&#8217;estructura de cera que es genera per a fondre. Aquest es basa en un tronc de cera, de gruix mig\/gruixut, que es col\u00b7loca en una base de goma circular amb un forat central, que es tapar\u00e0 pel tronc cera. Sobre aquest tronc es van unint els prototips de ceres per la part dels bevedors, generant aix\u00ed un arbre de cera amb les seves ramificacions (les peces).<\/p>\t\t\t\t\t\t\t\t<\/div>\n\t\t\t\t<\/div>\n\t\t\t\t\t<\/div>\n\t\t<\/div>\n\t\t\t\t<div class=\"elementor-column elementor-col-50 elementor-top-column elementor-element elementor-element-245b063\" data-id=\"245b063\" data-element_type=\"column\" data-e-type=\"column\">\n\t\t\t<div class=\"elementor-widget-wrap elementor-element-populated\">\n\t\t\t\t\t\t<div class=\"elementor-element elementor-element-10dc290 elementor-widget elementor-widget-image\" data-id=\"10dc290\" data-element_type=\"widget\" data-e-type=\"widget\" data-widget_type=\"image.default\">\n\t\t\t\t<div class=\"elementor-widget-container\">\n\t\t\t\t\t\t\t\t\t\t\t\t\t\t\t<img fetchpriority=\"high\" decoding=\"async\" width=\"567\" height=\"289\" src=\"https:\/\/www.fundicioreguera.cat\/wp-content\/uploads\/2023\/06\/cera1-1.jpg\" class=\"attachment-large size-large wp-image-167\" alt=\"\" srcset=\"https:\/\/www.fundicioreguera.cat\/wp-content\/uploads\/2023\/06\/cera1-1.jpg 567w, https:\/\/www.fundicioreguera.cat\/wp-content\/uploads\/2023\/06\/cera1-1-300x153.jpg 300w\" sizes=\"(max-width: 567px) 100vw, 567px\" \/>\t\t\t\t\t\t\t\t\t\t\t\t\t\t\t<\/div>\n\t\t\t\t<\/div>\n\t\t\t\t<div class=\"elementor-element elementor-element-ec2802d elementor-widget elementor-widget-text-editor\" data-id=\"ec2802d\" data-element_type=\"widget\" data-e-type=\"widget\" data-widget_type=\"text-editor.default\">\n\t\t\t\t<div class=\"elementor-widget-container\">\n\t\t\t\t\t\t\t\t\t<p>Parts d&#8217;un arbre de fosa.<\/p>\t\t\t\t\t\t\t\t<\/div>\n\t\t\t\t<\/div>\n\t\t\t\t\t<\/div>\n\t\t<\/div>\n\t\t\t\t\t<\/div>\n\t\t<\/section>\n\t\t\t\t<section class=\"elementor-section elementor-top-section elementor-element elementor-element-d85e70e elementor-section-boxed elementor-section-height-default elementor-section-height-default\" data-id=\"d85e70e\" data-element_type=\"section\" data-e-type=\"section\">\n\t\t\t\t\t\t<div class=\"elementor-container elementor-column-gap-default\">\n\t\t\t\t\t<div class=\"elementor-column elementor-col-100 elementor-top-column elementor-element elementor-element-41cceae\" data-id=\"41cceae\" data-element_type=\"column\" data-e-type=\"column\">\n\t\t\t<div class=\"elementor-widget-wrap elementor-element-populated\">\n\t\t\t\t\t\t<div class=\"elementor-element elementor-element-4229249 elementor-widget elementor-widget-text-editor\" data-id=\"4229249\" data-element_type=\"widget\" data-e-type=\"widget\" data-widget_type=\"text-editor.default\">\n\t\t\t\t<div class=\"elementor-widget-container\">\n\t\t\t\t\t\t\t\t\t<p>Posteriorment, s&#8217;acobla l&#8217;arbre de fosa a un cilindre d&#8217;acer. La base de goma sobre la qual s&#8217;ha col\u00b7locat el tronc servir\u00e0 per a segellar una de les cares del cilindre. Per a una major seguretat, se sol col\u00b7locar una goma el\u00e0stica que assegura la uni\u00f3 entre base i cilindre.<br \/>Una vegada preparat el cilindre, es forma una paret de paper en la part superior perqu\u00e8 durant l&#8217;abocada del revestiment no hi hagi despreniment.<br \/><br \/><\/p>\t\t\t\t\t\t\t\t<\/div>\n\t\t\t\t<\/div>\n\t\t\t\t\t<\/div>\n\t\t<\/div>\n\t\t\t\t\t<\/div>\n\t\t<\/section>\n\t\t\t\t<section class=\"elementor-section elementor-top-section elementor-element elementor-element-506c3f8 elementor-section-boxed elementor-section-height-default elementor-section-height-default\" data-id=\"506c3f8\" data-element_type=\"section\" data-e-type=\"section\">\n\t\t\t\t\t\t<div class=\"elementor-container elementor-column-gap-default\">\n\t\t\t\t\t<div class=\"elementor-column elementor-col-100 elementor-top-column elementor-element elementor-element-b6a556c\" data-id=\"b6a556c\" data-element_type=\"column\" data-e-type=\"column\">\n\t\t\t<div class=\"elementor-widget-wrap elementor-element-populated\">\n\t\t\t\t\t\t<div class=\"elementor-element elementor-element-eee175d elementor-widget elementor-widget-heading\" data-id=\"eee175d\" data-element_type=\"widget\" data-e-type=\"widget\" data-widget_type=\"heading.default\">\n\t\t\t\t<div class=\"elementor-widget-container\">\n\t\t\t\t\t<h3 class=\"elementor-heading-title elementor-size-default\">Per a qu\u00e8 serveix el revestiment la t\u00e8cnica de la cera perduda?<\/h3>\t\t\t\t<\/div>\n\t\t\t\t<\/div>\n\t\t\t\t\t<\/div>\n\t\t<\/div>\n\t\t\t\t\t<\/div>\n\t\t<\/section>\n\t\t\t\t<section class=\"elementor-section elementor-top-section elementor-element elementor-element-0a4f75a elementor-section-boxed elementor-section-height-default elementor-section-height-default\" data-id=\"0a4f75a\" data-element_type=\"section\" data-e-type=\"section\">\n\t\t\t\t\t\t<div class=\"elementor-container elementor-column-gap-default\">\n\t\t\t\t\t<div class=\"elementor-column elementor-col-50 elementor-top-column elementor-element elementor-element-be6e5db\" data-id=\"be6e5db\" data-element_type=\"column\" data-e-type=\"column\">\n\t\t\t<div class=\"elementor-widget-wrap elementor-element-populated\">\n\t\t\t\t\t\t<div class=\"elementor-element elementor-element-122cd6b elementor-widget elementor-widget-text-editor\" data-id=\"122cd6b\" data-element_type=\"widget\" data-e-type=\"widget\" data-widget_type=\"text-editor.default\">\n\t\t\t\t<div class=\"elementor-widget-container\">\n\t\t\t\t\t\t\t\t\t<p>El revestiment \u00e9s una mescla de guix i s\u00edlice que s&#8217;aboca en el cilindre de fosa emplenant tots els buits existents fins a tapar la cara superior del cilindre. Una vegada forjat (endurit), s&#8217;anivella el sobrant superior i es lleva la base de goma per a enfornar, fonent-se aix\u00ed l&#8217;arbre de cera i escorrent-se per la base del cilindre. D&#8217;aquesta manera es destrueixen els prototips de cera (les nostres peces) i s&#8217;obt\u00e9 un motlle de l&#8217;arbre de cera al qual s&#8217;injectar\u00e0 el metall fos reproduint l&#8217;arbre de cera en metall.<\/p><p>\u00a0<\/p>\t\t\t\t\t\t\t\t<\/div>\n\t\t\t\t<\/div>\n\t\t\t\t\t<\/div>\n\t\t<\/div>\n\t\t\t\t<div class=\"elementor-column elementor-col-50 elementor-top-column elementor-element elementor-element-e0e8cfe\" data-id=\"e0e8cfe\" data-element_type=\"column\" data-e-type=\"column\">\n\t\t\t<div class=\"elementor-widget-wrap elementor-element-populated\">\n\t\t\t\t\t\t<div class=\"elementor-element elementor-element-a74dee2 elementor-widget elementor-widget-image\" data-id=\"a74dee2\" data-element_type=\"widget\" data-e-type=\"widget\" data-widget_type=\"image.default\">\n\t\t\t\t<div class=\"elementor-widget-container\">\n\t\t\t\t\t\t\t\t\t\t\t\t\t\t\t<img decoding=\"async\" width=\"567\" height=\"289\" src=\"https:\/\/www.fundicioreguera.cat\/wp-content\/uploads\/2023\/06\/cera2-1.jpg\" class=\"attachment-large size-large wp-image-168\" alt=\"\" srcset=\"https:\/\/www.fundicioreguera.cat\/wp-content\/uploads\/2023\/06\/cera2-1.jpg 567w, https:\/\/www.fundicioreguera.cat\/wp-content\/uploads\/2023\/06\/cera2-1-300x153.jpg 300w\" sizes=\"(max-width: 567px) 100vw, 567px\" \/>\t\t\t\t\t\t\t\t\t\t\t\t\t\t\t<\/div>\n\t\t\t\t<\/div>\n\t\t\t\t<div class=\"elementor-element elementor-element-75d3018 elementor-widget elementor-widget-text-editor\" data-id=\"75d3018\" data-element_type=\"widget\" data-e-type=\"widget\" data-widget_type=\"text-editor.default\">\n\t\t\t\t<div class=\"elementor-widget-container\">\n\t\t\t\t\t\t\t\t\t<p>Proc\u00e9s del revestiment en la fosa a la cera perduda.<\/p>\t\t\t\t\t\t\t\t<\/div>\n\t\t\t\t<\/div>\n\t\t\t\t\t<\/div>\n\t\t<\/div>\n\t\t\t\t\t<\/div>\n\t\t<\/section>\n\t\t\t\t<section class=\"elementor-section elementor-top-section elementor-element elementor-element-78e4836 elementor-section-boxed elementor-section-height-default elementor-section-height-default\" data-id=\"78e4836\" data-element_type=\"section\" data-e-type=\"section\">\n\t\t\t\t\t\t<div class=\"elementor-container elementor-column-gap-default\">\n\t\t\t\t\t<div class=\"elementor-column elementor-col-100 elementor-top-column elementor-element elementor-element-1c9e021\" data-id=\"1c9e021\" data-element_type=\"column\" data-e-type=\"column\">\n\t\t\t<div class=\"elementor-widget-wrap elementor-element-populated\">\n\t\t\t\t\t\t<div class=\"elementor-element elementor-element-94c432c elementor-widget elementor-widget-text-editor\" data-id=\"94c432c\" data-element_type=\"widget\" data-e-type=\"widget\" data-widget_type=\"text-editor.default\">\n\t\t\t\t<div class=\"elementor-widget-container\">\n\t\t\t\t\t\t\t\t\t<p>La fosa i emmotllament del metall de la cera perduda<br \/>L&#8217;emmotllament \u00e9s el proc\u00e9s d&#8217;emplenar un motlle d&#8217;un material fos amb la finalitat d&#8217;obtenir una r\u00e8plica en aquest material; \u00e9s la part en la qual aconseguim les nostres peces en metall.<\/p>\t\t\t\t\t\t\t\t<\/div>\n\t\t\t\t<\/div>\n\t\t\t\t\t<\/div>\n\t\t<\/div>\n\t\t\t\t\t<\/div>\n\t\t<\/section>\n\t\t\t\t<section class=\"elementor-section elementor-top-section elementor-element elementor-element-abfdc65 elementor-section-boxed elementor-section-height-default elementor-section-height-default\" data-id=\"abfdc65\" data-element_type=\"section\" data-e-type=\"section\">\n\t\t\t\t\t\t<div class=\"elementor-container elementor-column-gap-default\">\n\t\t\t\t\t<div class=\"elementor-column elementor-col-50 elementor-top-column elementor-element elementor-element-7f6c048\" data-id=\"7f6c048\" data-element_type=\"column\" data-e-type=\"column\">\n\t\t\t<div class=\"elementor-widget-wrap elementor-element-populated\">\n\t\t\t\t\t\t<div class=\"elementor-element elementor-element-5ce7e165 elementor-widget elementor-widget-text-editor\" data-id=\"5ce7e165\" data-element_type=\"widget\" data-e-type=\"widget\" data-widget_type=\"text-editor.default\">\n\t\t\t\t<div class=\"elementor-widget-container\">\n\t\t\t\t\t\t\t\t\t<p>\u00a0<\/p><p>Sobre un gresol (recipient de cer\u00e0mica resistent a altes temperatures) amb un forat, es col\u00b7loca la mescla de metalls (aliatge)* amb la qual es desitja treballar i s&#8217;aplica calor amb un bufador fins a fondre el metall.<br \/>La plata de llei, o plata de 925, \u00e9s un aliatge compost per 92,5% de plata i 7,5% de coure.<br \/>Una vegada fos el metall, sense apagar la font de calor, es col\u00b7loca el cilindre de fosa en contacte amb el gresol de manera que el buit del gresol i el buit del cilindre quedin encarats i encaixats. Posteriorment s&#8217;apaga la font de calor per for\u00e7a centr\u00edfuga el metall fos s&#8217;introduir-se dins del cilindre, penetrant en totes les cavitats d&#8217;aquest.<br \/>Finalment, s&#8217;introdueix el cilindre en aigua desprenent-se aix\u00ed el revestiment i obtenint l&#8217;arbre que abans era de cera en l&#8217;aliatge del metall fos.<\/p>\t\t\t\t\t\t\t\t<\/div>\n\t\t\t\t<\/div>\n\t\t\t\t\t<\/div>\n\t\t<\/div>\n\t\t\t\t<div class=\"elementor-column elementor-col-50 elementor-top-column elementor-element elementor-element-259e5fd\" data-id=\"259e5fd\" data-element_type=\"column\" data-e-type=\"column\">\n\t\t\t<div class=\"elementor-widget-wrap elementor-element-populated\">\n\t\t\t\t\t\t<div class=\"elementor-element elementor-element-d9e0f90 elementor-widget elementor-widget-image\" data-id=\"d9e0f90\" data-element_type=\"widget\" data-e-type=\"widget\" data-widget_type=\"image.default\">\n\t\t\t\t<div class=\"elementor-widget-container\">\n\t\t\t\t\t\t\t\t\t\t\t\t\t\t\t<img decoding=\"async\" width=\"567\" height=\"293\" src=\"https:\/\/www.fundicioreguera.cat\/wp-content\/uploads\/2023\/06\/cera3-3.jpg\" class=\"attachment-large size-large wp-image-169\" alt=\"\" srcset=\"https:\/\/www.fundicioreguera.cat\/wp-content\/uploads\/2023\/06\/cera3-3.jpg 567w, https:\/\/www.fundicioreguera.cat\/wp-content\/uploads\/2023\/06\/cera3-3-300x155.jpg 300w\" sizes=\"(max-width: 567px) 100vw, 567px\" \/>\t\t\t\t\t\t\t\t\t\t\t\t\t\t\t<\/div>\n\t\t\t\t<\/div>\n\t\t\t\t\t<\/div>\n\t\t<\/div>\n\t\t\t\t\t<\/div>\n\t\t<\/section>\n\t\t\t\t<section class=\"elementor-section elementor-top-section elementor-element elementor-element-388da77 elementor-section-boxed elementor-section-height-default elementor-section-height-default\" data-id=\"388da77\" data-element_type=\"section\" data-e-type=\"section\">\n\t\t\t\t\t\t<div class=\"elementor-container elementor-column-gap-default\">\n\t\t\t\t\t<div class=\"elementor-column elementor-col-100 elementor-top-column elementor-element elementor-element-76fec002\" data-id=\"76fec002\" data-element_type=\"column\" data-e-type=\"column\">\n\t\t\t<div class=\"elementor-widget-wrap\">\n\t\t\t\t\t\t\t<\/div>\n\t\t<\/div>\n\t\t\t\t\t<\/div>\n\t\t<\/section>\n\t\t\t\t<\/div>\n\t\t","protected":false},"excerpt":{"rendered":"<p>Qu\u00e8 \u00e9s l&#8217;arbre de fosa en cera perduda? Es diu arbre de fosa a l&#8217;estructura de cera que es genera per a fondre. Aquest es basa en un tronc de cera, de gruix mig\/gruixut, que es col\u00b7loca en una base de goma circular amb un forat central, que es tapar\u00e0 pel tronc cera. Sobre aquest [&hellip;]<\/p>\n","protected":false},"author":1,"featured_media":0,"parent":0,"menu_order":0,"comment_status":"closed","ping_status":"closed","template":"","meta":{"om_disable_all_campaigns":false,"_monsterinsights_skip_tracking":false,"_monsterinsights_sitenote_active":false,"_monsterinsights_sitenote_note":"","_monsterinsights_sitenote_category":0,"_uf_show_specific_survey":0,"_uf_disable_surveys":false,"footnotes":""},"class_list":["post-143","page","type-page","status-publish","czr-hentry"],"_links":{"self":[{"href":"https:\/\/www.fundicioreguera.cat\/index.php\/wp-json\/wp\/v2\/pages\/143","targetHints":{"allow":["GET"]}}],"collection":[{"href":"https:\/\/www.fundicioreguera.cat\/index.php\/wp-json\/wp\/v2\/pages"}],"about":[{"href":"https:\/\/www.fundicioreguera.cat\/index.php\/wp-json\/wp\/v2\/types\/page"}],"author":[{"embeddable":true,"href":"https:\/\/www.fundicioreguera.cat\/index.php\/wp-json\/wp\/v2\/users\/1"}],"replies":[{"embeddable":true,"href":"https:\/\/www.fundicioreguera.cat\/index.php\/wp-json\/wp\/v2\/comments?post=143"}],"version-history":[{"count":8,"href":"https:\/\/www.fundicioreguera.cat\/index.php\/wp-json\/wp\/v2\/pages\/143\/revisions"}],"predecessor-version":[{"id":216,"href":"https:\/\/www.fundicioreguera.cat\/index.php\/wp-json\/wp\/v2\/pages\/143\/revisions\/216"}],"wp:attachment":[{"href":"https:\/\/www.fundicioreguera.cat\/index.php\/wp-json\/wp\/v2\/media?parent=143"}],"curies":[{"name":"wp","href":"https:\/\/api.w.org\/{rel}","templated":true}]}}