{"id":41,"date":"2023-06-19T16:45:55","date_gmt":"2023-06-19T14:45:55","guid":{"rendered":"http:\/\/fundicq.cluster027.hosting.ovh.net\/gj443598-ovh\/?page_id=41"},"modified":"2023-07-07T08:48:00","modified_gmt":"2023-07-07T06:48:00","slug":"com-treballem","status":"publish","type":"page","link":"https:\/\/www.fundicioreguera.cat\/index.php\/inicio\/com-treballem\/","title":{"rendered":"Com treballem"},"content":{"rendered":"\t\t<div data-elementor-type=\"wp-page\" data-elementor-id=\"41\" class=\"elementor elementor-41\">\n\t\t\t\t\t\t<section class=\"elementor-section elementor-top-section elementor-element elementor-element-cf4c3cc elementor-section-boxed elementor-section-height-default elementor-section-height-default\" data-id=\"cf4c3cc\" data-element_type=\"section\" data-e-type=\"section\">\n\t\t\t\t\t\t<div class=\"elementor-container elementor-column-gap-default\">\n\t\t\t\t\t<div class=\"elementor-column elementor-col-100 elementor-top-column elementor-element elementor-element-0d60770\" data-id=\"0d60770\" data-element_type=\"column\" data-e-type=\"column\">\n\t\t\t<div class=\"elementor-widget-wrap elementor-element-populated\">\n\t\t\t\t\t\t<div class=\"elementor-element elementor-element-7fd15ce elementor-widget elementor-widget-text-editor\" data-id=\"7fd15ce\" data-element_type=\"widget\" data-e-type=\"widget\" data-widget_type=\"text-editor.default\">\n\t\t\t\t<div class=\"elementor-widget-container\">\n\t\t\t\t\t\t\t\t\t<h3>Com ho fem?<\/h3>\t\t\t\t\t\t\t\t<\/div>\n\t\t\t\t<\/div>\n\t\t\t\t\t<\/div>\n\t\t<\/div>\n\t\t\t\t\t<\/div>\n\t\t<\/section>\n\t\t\t\t<section class=\"elementor-section elementor-top-section elementor-element elementor-element-c8e3497 elementor-section-boxed elementor-section-height-default elementor-section-height-default\" data-id=\"c8e3497\" data-element_type=\"section\" data-e-type=\"section\">\n\t\t\t\t\t\t<div class=\"elementor-container elementor-column-gap-default\">\n\t\t\t\t\t<div class=\"elementor-column elementor-col-50 elementor-top-column elementor-element elementor-element-3faf651\" data-id=\"3faf651\" data-element_type=\"column\" data-e-type=\"column\">\n\t\t\t<div class=\"elementor-widget-wrap elementor-element-populated\">\n\t\t\t\t\t\t<div class=\"elementor-element elementor-element-4bb1bdc elementor-widget elementor-widget-image\" data-id=\"4bb1bdc\" data-element_type=\"widget\" data-e-type=\"widget\" data-widget_type=\"image.default\">\n\t\t\t\t<div class=\"elementor-widget-container\">\n\t\t\t\t\t\t\t\t\t\t\t\t\t\t\t<img fetchpriority=\"high\" decoding=\"async\" width=\"1024\" height=\"683\" src=\"https:\/\/www.fundicioreguera.cat\/wp-content\/uploads\/2023\/06\/goldsmith-5909689-1-1024x683.jpg\" class=\"attachment-large size-large wp-image-175\" alt=\"\" srcset=\"https:\/\/www.fundicioreguera.cat\/wp-content\/uploads\/2023\/06\/goldsmith-5909689-1-1024x683.jpg 1024w, https:\/\/www.fundicioreguera.cat\/wp-content\/uploads\/2023\/06\/goldsmith-5909689-1-300x200.jpg 300w, https:\/\/www.fundicioreguera.cat\/wp-content\/uploads\/2023\/06\/goldsmith-5909689-1-768x512.jpg 768w, https:\/\/www.fundicioreguera.cat\/wp-content\/uploads\/2023\/06\/goldsmith-5909689-1-1536x1024.jpg 1536w, https:\/\/www.fundicioreguera.cat\/wp-content\/uploads\/2023\/06\/goldsmith-5909689-1-2048x1365.jpg 2048w, https:\/\/www.fundicioreguera.cat\/wp-content\/uploads\/2023\/06\/goldsmith-5909689-1-930x620.jpg 930w\" sizes=\"(max-width: 1024px) 100vw, 1024px\" \/>\t\t\t\t\t\t\t\t\t\t\t\t\t\t\t<\/div>\n\t\t\t\t<\/div>\n\t\t\t\t\t<\/div>\n\t\t<\/div>\n\t\t\t\t<div class=\"elementor-column elementor-col-50 elementor-top-column elementor-element elementor-element-996ede2\" data-id=\"996ede2\" data-element_type=\"column\" data-e-type=\"column\">\n\t\t\t<div class=\"elementor-widget-wrap elementor-element-populated\">\n\t\t\t\t\t\t<div class=\"elementor-element elementor-element-27eb11c elementor-widget elementor-widget-text-editor\" data-id=\"27eb11c\" data-element_type=\"widget\" data-e-type=\"widget\" data-widget_type=\"text-editor.default\">\n\t\t\t\t<div class=\"elementor-widget-container\">\n\t\t\t\t\t\t\t\t\t<p>Vivim per i per a la joieria. Aix\u00ed hem desenvolupat i apr\u00e8s un moltes\u00a0 t\u00e8cniques i especialitats.\u00a0<\/p><p>Joieria a la Cera Perduda, Orfebreria, Encast i altres t\u00e8cniques.<\/p><p>Dissenyem cada pe\u00e7a amb detall. Ens inspirem en multitud de fonts. I fem les peces amb molta paci\u00e8ncia i amor.<\/p><p>Cuinem a foc lent. Som Alchimistas, per aix\u00f2 dominem l&#8217;art de cuinar i crear els aliatges necessaris perqu\u00e8 les joies siguin perfectes.<\/p><p>Cada pe\u00e7a est\u00e0 dissenyada i creada perqu\u00e8 sigui especial per a tu, per a cada persona que tri\u00ef la pe\u00e7a. I \u00e9s que pensem que les peces tenen \u00e0nima, i aquesta \u00e0nima \u00e9s triada per cadascun de vosaltres.<\/p>\t\t\t\t\t\t\t\t<\/div>\n\t\t\t\t<\/div>\n\t\t\t\t\t<\/div>\n\t\t<\/div>\n\t\t\t\t\t<\/div>\n\t\t<\/section>\n\t\t\t\t<section class=\"elementor-section elementor-top-section elementor-element elementor-element-d91ae3f elementor-section-boxed elementor-section-height-default elementor-section-height-default\" data-id=\"d91ae3f\" data-element_type=\"section\" data-e-type=\"section\">\n\t\t\t\t\t\t<div class=\"elementor-container elementor-column-gap-default\">\n\t\t\t\t\t<div class=\"elementor-column elementor-col-100 elementor-top-column elementor-element elementor-element-52aeb28\" data-id=\"52aeb28\" data-element_type=\"column\" data-e-type=\"column\">\n\t\t\t<div class=\"elementor-widget-wrap elementor-element-populated\">\n\t\t\t\t\t\t<div class=\"elementor-element elementor-element-c833088 elementor-widget elementor-widget-heading\" data-id=\"c833088\" data-element_type=\"widget\" data-e-type=\"widget\" data-widget_type=\"heading.default\">\n\t\t\t\t<div class=\"elementor-widget-container\">\n\t\t\t\t\t<h3 class=\"elementor-heading-title elementor-size-default\">Els nostres serveis:<\/h3>\t\t\t\t<\/div>\n\t\t\t\t<\/div>\n\t\t\t\t\t<\/div>\n\t\t<\/div>\n\t\t\t\t\t<\/div>\n\t\t<\/section>\n\t\t\t\t<section class=\"elementor-section elementor-top-section elementor-element elementor-element-bca3813 elementor-section-boxed elementor-section-height-default elementor-section-height-default\" data-id=\"bca3813\" data-element_type=\"section\" data-e-type=\"section\">\n\t\t\t\t\t\t<div class=\"elementor-container elementor-column-gap-default\">\n\t\t\t\t\t<div class=\"elementor-column elementor-col-100 elementor-top-column elementor-element elementor-element-1d6dc2b\" data-id=\"1d6dc2b\" data-element_type=\"column\" data-e-type=\"column\">\n\t\t\t<div class=\"elementor-widget-wrap elementor-element-populated\">\n\t\t\t\t\t\t<div class=\"elementor-element elementor-element-51d2467 elementor-widget elementor-widget-text-editor\" data-id=\"51d2467\" data-element_type=\"widget\" data-e-type=\"widget\" data-widget_type=\"text-editor.default\">\n\t\t\t\t<div class=\"elementor-widget-container\">\n\t\t\t\t\t\t\t\t\t<p>&#8211; Disseny d&#8217;originals<br \/>&#8211; Realitzaci\u00f3 d&#8217;originals (a m\u00e0 o amb disseny 3D)<br \/>&#8211; Impressi\u00f3 3D<br \/>&#8211; Motlles<br \/>&#8211;\u00a0Fundici\u00f3<br \/>&#8211; Acabat de peces (rep\u00e0s i polit)<br \/>&#8211; Soldadura l\u00e0ser<br \/>&#8211; Engastat de pedres<br \/>&#8211; Gravat (manual o l\u00e0ser)<br \/>&#8211; Tall de peces\u00a0l\u00e0ser<br \/>&#8211; Processos galv\u00e0nics (banys de\u00a0tota mena)<\/p>\t\t\t\t\t\t\t\t<\/div>\n\t\t\t\t<\/div>\n\t\t\t\t\t<\/div>\n\t\t<\/div>\n\t\t\t\t\t<\/div>\n\t\t<\/section>\n\t\t\t\t<section class=\"elementor-section elementor-top-section elementor-element elementor-element-2e76437 elementor-section-boxed elementor-section-height-default elementor-section-height-default\" data-id=\"2e76437\" data-element_type=\"section\" data-e-type=\"section\">\n\t\t\t\t\t\t<div class=\"elementor-container elementor-column-gap-default\">\n\t\t\t\t\t<div class=\"elementor-column elementor-col-100 elementor-top-column elementor-element elementor-element-a8c5cba\" data-id=\"a8c5cba\" data-element_type=\"column\" data-e-type=\"column\">\n\t\t\t<div class=\"elementor-widget-wrap elementor-element-populated\">\n\t\t\t\t\t\t<div class=\"elementor-element elementor-element-53e9cad elementor-widget elementor-widget-heading\" data-id=\"53e9cad\" data-element_type=\"widget\" data-e-type=\"widget\" data-widget_type=\"heading.default\">\n\t\t\t\t<div class=\"elementor-widget-container\">\n\t\t\t\t\t<h3 class=\"elementor-heading-title elementor-size-default\">Cera Perduda<\/h3>\t\t\t\t<\/div>\n\t\t\t\t<\/div>\n\t\t\t\t\t<\/div>\n\t\t<\/div>\n\t\t\t\t\t<\/div>\n\t\t<\/section>\n\t\t\t\t<section class=\"elementor-section elementor-top-section elementor-element elementor-element-37af02b2 elementor-section-boxed elementor-section-height-default elementor-section-height-default\" data-id=\"37af02b2\" data-element_type=\"section\" data-e-type=\"section\">\n\t\t\t\t\t\t<div class=\"elementor-container elementor-column-gap-default\">\n\t\t\t\t\t<div class=\"elementor-column elementor-col-100 elementor-top-column elementor-element elementor-element-706c6280\" data-id=\"706c6280\" data-element_type=\"column\" data-e-type=\"column\">\n\t\t\t<div class=\"elementor-widget-wrap elementor-element-populated\">\n\t\t\t\t\t\t<div class=\"elementor-element elementor-element-531dfece elementor-widget elementor-widget-text-editor\" data-id=\"531dfece\" data-element_type=\"widget\" data-e-type=\"widget\" data-widget_type=\"text-editor.default\">\n\t\t\t\t<div class=\"elementor-widget-container\">\n\t\t\t\t\t\t\t\t\t<p>La t\u00e8cnica de la cera perduda, tamb\u00e9 coneguda com la fosa a la cera perduda, s&#8217;utilitza en la fabricaci\u00f3 d&#8217;objectes de metall, especialment en la creaci\u00f3 de joieria, escultures i peces d&#8217;enginyeria de precisi\u00f3. Aquesta t\u00e8cnica implica la creaci\u00f3 d&#8217;un model en cera, que despr\u00e9s es recobreix amb un material refractari per a crear un motlle. Una vegada que el motlle s&#8217;ha endurit, la cera es fon i es reempla\u00e7a amb metall fos.<\/p><p><a href=\"https:\/\/www.fundicioreguera.cat\/index.php\/cera-perduda\/\"><br \/>M\u00e9s informaci\u00f3<br \/><\/a><\/p>\t\t\t\t\t\t\t\t<\/div>\n\t\t\t\t<\/div>\n\t\t\t\t\t<\/div>\n\t\t<\/div>\n\t\t\t\t\t<\/div>\n\t\t<\/section>\n\t\t\t\t<\/div>\n\t\t","protected":false},"excerpt":{"rendered":"<p>Com ho fem? Vivim per i per a la joieria. Aix\u00ed hem desenvolupat i apr\u00e8s un moltes&nbsp; t\u00e8cniques i especialitats.&nbsp; Joieria a la Cera Perduda, Orfebreria, Encast i altres t\u00e8cniques. Dissenyem cada pe\u00e7a amb detall. Ens inspirem en multitud de fonts. I fem les peces amb molta paci\u00e8ncia i amor. Cuinem a foc lent. Som [&hellip;]<\/p>\n","protected":false},"author":1,"featured_media":0,"parent":7,"menu_order":0,"comment_status":"closed","ping_status":"closed","template":"","meta":{"om_disable_all_campaigns":false,"_monsterinsights_skip_tracking":false,"_monsterinsights_sitenote_active":false,"_monsterinsights_sitenote_note":"","_monsterinsights_sitenote_category":0,"_uf_show_specific_survey":0,"_uf_disable_surveys":false,"footnotes":""},"class_list":["post-41","page","type-page","status-publish","czr-hentry"],"_links":{"self":[{"href":"https:\/\/www.fundicioreguera.cat\/index.php\/wp-json\/wp\/v2\/pages\/41","targetHints":{"allow":["GET"]}}],"collection":[{"href":"https:\/\/www.fundicioreguera.cat\/index.php\/wp-json\/wp\/v2\/pages"}],"about":[{"href":"https:\/\/www.fundicioreguera.cat\/index.php\/wp-json\/wp\/v2\/types\/page"}],"author":[{"embeddable":true,"href":"https:\/\/www.fundicioreguera.cat\/index.php\/wp-json\/wp\/v2\/users\/1"}],"replies":[{"embeddable":true,"href":"https:\/\/www.fundicioreguera.cat\/index.php\/wp-json\/wp\/v2\/comments?post=41"}],"version-history":[{"count":24,"href":"https:\/\/www.fundicioreguera.cat\/index.php\/wp-json\/wp\/v2\/pages\/41\/revisions"}],"predecessor-version":[{"id":397,"href":"https:\/\/www.fundicioreguera.cat\/index.php\/wp-json\/wp\/v2\/pages\/41\/revisions\/397"}],"up":[{"embeddable":true,"href":"https:\/\/www.fundicioreguera.cat\/index.php\/wp-json\/wp\/v2\/pages\/7"}],"wp:attachment":[{"href":"https:\/\/www.fundicioreguera.cat\/index.php\/wp-json\/wp\/v2\/media?parent=41"}],"curies":[{"name":"wp","href":"https:\/\/api.w.org\/{rel}","templated":true}]}}